{"id":39,"date":"2017-09-12T05:39:11","date_gmt":"2017-09-12T05:39:11","guid":{"rendered":"http:\/\/import.themovation.com\/embark\/walking-tours\/?page_id=2204"},"modified":"2024-06-03T17:23:47","modified_gmt":"2024-06-03T17:23:47","slug":"home","status":"publish","type":"page","link":"https:\/\/trax.services\/pt\/","title":{"rendered":"Home"},"content":{"rendered":"<div data-elementor-type=\"wp-post\" data-elementor-id=\"39\" class=\"elementor elementor-39\">\n\t\t\t\t\t\t<section class=\"elementor-section elementor-top-section elementor-element elementor-element-inbstxv elementor-section-full_width elementor-section-height-default elementor-section-height-default\" data-id=\"inbstxv\" data-element_type=\"section\" data-settings=\"{&quot;background_background&quot;:&quot;classic&quot;}\">\n\t\t\t\t\t\t<div class=\"elementor-container elementor-column-gap-no\">\n\t\t\t\t\t<div class=\"elementor-column elementor-col-100 elementor-top-column elementor-element elementor-element-ezgvtnd\" data-id=\"ezgvtnd\" data-element_type=\"column\">\n\t\t\t<div class=\"elementor-widget-wrap elementor-element-populated\">\n\t\t\t\t\t\t<div class=\"elementor-element elementor-element-vfrddyp elementor-widget elementor-widget-themo-slider\" data-id=\"vfrddyp\" data-element_type=\"widget\" data-widget_type=\"themo-slider.default\">\n\t\t\t\t<div class=\"elementor-widget-container\">\n\t\t\t\n\t\t<div id=\"main-flex-slider\" class=\"flexslider\">\n\t\t\t<ul class=\"slides\">\n\t\t\t\t\n                    \n                    \n\t\t\t\t\t\t\t\t\t\t                    \n                    <li class=\"elementor-repeater-item-9l62gfd\">\n\t\t\t\t\t\t<div class=\"slider-bg slide-cal-center\">\n                            <div class=\"th-slide-wrap th-slider-overlay has-image-bg\">\n                                <div class=\"th-slide-inner  th-centered\">\n                                    <div class=\"th-slide-content\">\n                                                                                    <h1 class=\"slider-title\">SERVI\u00c7OS DE TRANSPORTE NA GRANDE LISBOA \/ NATIONAL \/ UNI\u00c3O EUROPEIA<\/h1>\n                                        \n                                                                                    <div class=\"slider-subtitle\">\n                                                <p>Para servi\u00e7os de transporte seguros e confi\u00e1veis em que voc\u00ea pode confiar\n<\/p>\n                                            <\/div>\n                                                                                                                            <div class=\"th-btn-wrap\">\n                                                                                                                                                            <a class=\"btn-1 btn th-btn btn-standard-light\" href=\"\/pt\/get-a-quote\/\">\n                                                                                                                            RESERVAR                                                                                                                    <\/a>\n                                                                                                                                                                                                <\/div>\n                                        \n                                        \n                                                                                                                                                                            \n                                            <div><\/div>                                                                            <\/div>\n                                <\/div>\n\t\t\t\t\t\t\t<\/div>\n\t\t\t\t\t\t<\/div>\n\t\t\t\t\t<\/li>\n\t\t\t\t\n                    \n                    \n\t\t\t\t\t\t\t\t\t\t                    \n                    <li class=\"elementor-repeater-item-da6df63\">\n\t\t\t\t\t\t<div class=\"slider-bg slide-cal-center\">\n                            <div class=\"th-slide-wrap th-slider-overlay has-image-bg th-slide-wrap th-slider-overlay has-image-bg\">\n                                <div class=\"th-slide-inner  th-left\">\n                                    <div class=\"th-slide-content\">\n                                                                                    <h1 class=\"slider-title\">SERVI\u00c7OS DE TRANSPORTE NA GRANDE LISBOA \/ NATIONAL \/ UNI\u00c3O EUROPEIA<\/h1>\n                                        \n                                                                                    <div class=\"slider-subtitle\">\n                                                <p>Para servi\u00e7os de transporte seguros e confi\u00e1veis em que voc\u00ea pode confiar<\/p>\n                                            <\/div>\n                                                                                                                            <div class=\"th-btn-wrap\">\n                                                                                                                                                            <a class=\"btn-1 btn th-btn btn-standard-light\" href=\"\/pt\/get-a-quote\/\">\n                                                                                                                            RESERVAR                                                                                                                    <\/a>\n                                                                                                                                                                                                <\/div>\n                                        \n                                        \n                                                                                                                                                                            \n                                            <div><\/div>                                                                            <\/div>\n                                <\/div>\n\t\t\t\t\t\t\t<\/div>\n\t\t\t\t\t\t<\/div>\n\t\t\t\t\t<\/li>\n\t\t\t\t\t\t\t<\/ul>\n\n\t\t\t\t\t<\/div>\n\n\t\t<script>\n\t\t\tjQuery( function ( $ ) {\n\n\t\t\t\tthemo_start_flex_slider(\n\t\t\t\t\t'.flexslider',\n                    false,\n\t\t\t\t\t'fade',\n\t\t\t\t\t'swing',\n\t\t\t\t\ttrue,\n\t\t\t\t\ttrue,\n\t\t\t\t\t4000,\n\t\t\t\t\t550,\n\t\t\t\t\tfalse,\n\t\t\t\t\ttrue,\n\t\t\t\t\ttrue,\n\t\t\t\t\ttrue,\n\t\t\t\t\ttrue\t\t\t\t);\n\t\t\t} );\n\t\t<\/script>\n\t\t\t\t<\/div>\n\t\t\t\t<\/div>\n\t\t\t\t\t<\/div>\n\t\t<\/div>\n\t\t\t\t\t<\/div>\n\t\t<\/section>\n\t\t\t\t<section class=\"elementor-section elementor-top-section elementor-element elementor-element-leglmvs elementor-section-boxed elementor-section-height-default elementor-section-height-default\" data-id=\"leglmvs\" data-element_type=\"section\" data-settings=\"{&quot;background_background&quot;:&quot;classic&quot;}\">\n\t\t\t\t\t\t<div class=\"elementor-container elementor-column-gap-default\">\n\t\t\t\t\t<div class=\"elementor-column elementor-col-100 elementor-top-column elementor-element elementor-element-zkcjuei\" data-id=\"zkcjuei\" data-element_type=\"column\">\n\t\t\t<div class=\"elementor-widget-wrap elementor-element-populated\">\n\t\t\t\t\t\t<div class=\"elementor-element elementor-element-zxdiqem elementor-view-default elementor-position-top elementor-widget elementor-widget-themo-header\" data-id=\"zxdiqem\" data-element_type=\"widget\" data-widget_type=\"themo-header.default\">\n\t\t\t\t<div class=\"elementor-widget-container\">\n\t\t\t\t\t<div class=\"th-header-wrap\">\n        <div class=\"elementor-icon-box-wrapper th-show-icon\">\n                            <div class=\"elementor-icon-box-icon th-icon-size-lg\">\n                    <span class=\"elementor-icon\">\n                                            <\/span>\n                <\/div>\n                                <div class=\"elementor-icon-box-content\">\n                    <h2 class=\"elementor-icon-box-title\">\n                        Porqu\u00ea Escolher Trax?                    <\/h2>\n                                        <p class=\"elementor-icon-box-description\">Por mais de 15 anos, encantamos continuamente os clientes com a seguran\u00e7a, excel\u00eancia e valor excepcional de nossos servi\u00e7os. Este ano n\u00e3o \u00e9 diferente \u2013 e adorar\u00edamos ter a oportunidade de atender \u00e0s suas pr\u00f3ximas necessidades de viagem.<\/p>\n\n                                    <\/div>\n            <\/div>\n\n        <\/div>\n\n\t\t\t\t<\/div>\n\t\t\t\t<\/div>\n\t\t\t\t\t<\/div>\n\t\t<\/div>\n\t\t\t\t\t<\/div>\n\t\t<\/section>\n\t\t\t\t<section class=\"elementor-section elementor-top-section elementor-element elementor-element-axplxsw elementor-section-full_width elementor-section-height-default elementor-section-height-default\" data-id=\"axplxsw\" data-element_type=\"section\">\n\t\t\t\t\t\t<div class=\"elementor-container elementor-column-gap-default\">\n\t\t\t\t\t<div class=\"elementor-column elementor-col-50 elementor-top-column elementor-element elementor-element-zbnfefi\" data-id=\"zbnfefi\" data-element_type=\"column\" data-settings=\"{&quot;background_background&quot;:&quot;classic&quot;}\">\n\t\t\t<div class=\"elementor-widget-wrap elementor-element-populated\">\n\t\t\t\t\t\t<div class=\"elementor-element elementor-element-ruvyznc elementor-position-left elementor-view-default elementor-widget elementor-widget-themo-header\" data-id=\"ruvyznc\" data-element_type=\"widget\" data-widget_type=\"themo-header.default\">\n\t\t\t\t<div class=\"elementor-widget-container\">\n\t\t\t\t\t<div class=\"th-header-wrap\">\n        <div class=\"elementor-icon-box-wrapper\">\n                            <div class=\"elementor-icon-box-content\">\n                    <h3 class=\"elementor-icon-box-title\">\n                        Transporte de Grupos                    <\/h3>\n                                        <p class=\"elementor-icon-box-description\">Uma frota diversificada capaz de dar resposta a qualquer necessidade de transporte.\n<\/p>\n\n                                            <div class=\"th-btn-wrap\">\n                                                            <a class=\"btn-1 btn th-btn btn-ghost-accent\" href=\"\/pt\/about-us\/\">\n                                                                            Saber mais                                                                    <\/a>\n                            \n                                                            <a class=\"btn-2 btn th-btn btn-ghost-primary\" href=\"\/pt\/get-a-quote\/\">\n                                                                            Or\u00e7amento                                                                    <\/a>\n                                                    <\/div>\n                                    <\/div>\n            <\/div>\n\n        <\/div>\n\n\t\t\t\t<\/div>\n\t\t\t\t<\/div>\n\t\t\t\t\t<\/div>\n\t\t<\/div>\n\t\t\t\t<div class=\"elementor-column elementor-col-50 elementor-top-column elementor-element elementor-element-vvhtaiq\" data-id=\"vvhtaiq\" data-element_type=\"column\" data-settings=\"{&quot;background_background&quot;:&quot;classic&quot;}\">\n\t\t\t<div class=\"elementor-widget-wrap elementor-element-populated\">\n\t\t\t\t\t\t<div class=\"elementor-element elementor-element-mohakpr elementor-widget elementor-widget-spacer\" data-id=\"mohakpr\" data-element_type=\"widget\" data-widget_type=\"spacer.default\">\n\t\t\t\t<div class=\"elementor-widget-container\">\n\t\t\t\t\t<div class=\"elementor-spacer\">\n\t\t\t<div class=\"elementor-spacer-inner\"><\/div>\n\t\t<\/div>\n\t\t\t\t<\/div>\n\t\t\t\t<\/div>\n\t\t\t\t\t<\/div>\n\t\t<\/div>\n\t\t\t\t\t<\/div>\n\t\t<\/section>\n\t\t\t\t<section class=\"elementor-section elementor-top-section elementor-element elementor-element-yivqxcf elementor-section-full_width elementor-reverse-mobile elementor-section-height-default elementor-section-height-default\" data-id=\"yivqxcf\" data-element_type=\"section\">\n\t\t\t\t\t\t<div class=\"elementor-container elementor-column-gap-default\">\n\t\t\t\t\t<div class=\"elementor-column elementor-col-50 elementor-top-column elementor-element elementor-element-usdfyfg\" data-id=\"usdfyfg\" data-element_type=\"column\" data-settings=\"{&quot;background_background&quot;:&quot;classic&quot;}\">\n\t\t\t<div class=\"elementor-widget-wrap elementor-element-populated\">\n\t\t\t\t\t\t<div class=\"elementor-element elementor-element-nxlerpf elementor-widget elementor-widget-spacer\" data-id=\"nxlerpf\" data-element_type=\"widget\" data-widget_type=\"spacer.default\">\n\t\t\t\t<div class=\"elementor-widget-container\">\n\t\t\t\t\t<div class=\"elementor-spacer\">\n\t\t\t<div class=\"elementor-spacer-inner\"><\/div>\n\t\t<\/div>\n\t\t\t\t<\/div>\n\t\t\t\t<\/div>\n\t\t\t\t\t<\/div>\n\t\t<\/div>\n\t\t\t\t<div class=\"elementor-column elementor-col-50 elementor-top-column elementor-element elementor-element-ibvfygx\" data-id=\"ibvfygx\" data-element_type=\"column\" data-settings=\"{&quot;background_background&quot;:&quot;classic&quot;}\">\n\t\t\t<div class=\"elementor-widget-wrap elementor-element-populated\">\n\t\t\t\t\t\t<div class=\"elementor-element elementor-element-plckyyx elementor-position-left elementor-view-default elementor-widget elementor-widget-themo-header\" data-id=\"plckyyx\" data-element_type=\"widget\" data-widget_type=\"themo-header.default\">\n\t\t\t\t<div class=\"elementor-widget-container\">\n\t\t\t\t\t<div class=\"th-header-wrap\">\n        <div class=\"elementor-icon-box-wrapper\">\n                            <div class=\"elementor-icon-box-content\">\n                    <h3 class=\"elementor-icon-box-title\">\n                        Circuitos                    <\/h3>\n                                        <p class=\"elementor-icon-box-description\">Transporte Nacional e Internacional de Passageiros.<\/p>\n\n                                            <div class=\"th-btn-wrap\">\n                                                            <a class=\"btn-1 btn th-btn btn-ghost-accent\" href=\"\/pt\/get-a-quote\/\">\n                                                                            RESERVAR                                                                    <\/a>\n                            \n                                                            <a class=\"btn-2 btn th-btn btn-ghost-primary\" href=\"\/pt\/contact\/\">\n                                                                            Entrar em contacto                                                                    <\/a>\n                                                    <\/div>\n                                    <\/div>\n            <\/div>\n\n        <\/div>\n\n\t\t\t\t<\/div>\n\t\t\t\t<\/div>\n\t\t\t\t\t<\/div>\n\t\t<\/div>\n\t\t\t\t\t<\/div>\n\t\t<\/section>\n\t\t\t\t<section class=\"elementor-section elementor-top-section elementor-element elementor-element-ocdngol elementor-section-full_width elementor-section-height-default elementor-section-height-default\" data-id=\"ocdngol\" data-element_type=\"section\">\n\t\t\t\t\t\t<div class=\"elementor-container elementor-column-gap-default\">\n\t\t\t\t\t<div class=\"elementor-column elementor-col-50 elementor-top-column elementor-element elementor-element-pfoexgl\" data-id=\"pfoexgl\" data-element_type=\"column\" data-settings=\"{&quot;background_background&quot;:&quot;classic&quot;}\">\n\t\t\t<div class=\"elementor-widget-wrap elementor-element-populated\">\n\t\t\t\t\t\t<div class=\"elementor-element elementor-element-rnqjzpu elementor-position-left elementor-view-default elementor-widget elementor-widget-themo-header\" data-id=\"rnqjzpu\" data-element_type=\"widget\" data-widget_type=\"themo-header.default\">\n\t\t\t\t<div class=\"elementor-widget-container\">\n\t\t\t\t\t<div class=\"th-header-wrap\">\n        <div class=\"elementor-icon-box-wrapper\">\n                            <div class=\"elementor-icon-box-content\">\n                    <h3 class=\"elementor-icon-box-title\">\n                        Trabalhadores e Estudantes                    <\/h3>\n                                        <p class=\"elementor-icon-box-description\">Solu\u00e7\u00f5es adequadas de transporte para escolas e empresas.<\/p>\n\n                                            <div class=\"th-btn-wrap\">\n                                                            <a class=\"btn-1 btn th-btn btn-ghost-accent\" href=\"\/pt\/about-us\/\">\n                                                                            Saber mais                                                                    <\/a>\n                            \n                                                            <a class=\"btn-2 btn th-btn btn-ghost-primary\" href=\"\/pt\/contact\/\">\n                                                                            Fa\u00e7a uma pergunta                                                                    <\/a>\n                                                    <\/div>\n                                    <\/div>\n            <\/div>\n\n        <\/div>\n\n\t\t\t\t<\/div>\n\t\t\t\t<\/div>\n\t\t\t\t\t<\/div>\n\t\t<\/div>\n\t\t\t\t<div class=\"elementor-column elementor-col-50 elementor-top-column elementor-element elementor-element-oewdtnk\" data-id=\"oewdtnk\" data-element_type=\"column\" data-settings=\"{&quot;background_background&quot;:&quot;classic&quot;}\">\n\t\t\t<div class=\"elementor-widget-wrap elementor-element-populated\">\n\t\t\t\t\t\t<div class=\"elementor-element elementor-element-wzwmzdg elementor-widget elementor-widget-spacer\" data-id=\"wzwmzdg\" data-element_type=\"widget\" data-widget_type=\"spacer.default\">\n\t\t\t\t<div class=\"elementor-widget-container\">\n\t\t\t\t\t<div class=\"elementor-spacer\">\n\t\t\t<div class=\"elementor-spacer-inner\"><\/div>\n\t\t<\/div>\n\t\t\t\t<\/div>\n\t\t\t\t<\/div>\n\t\t\t\t\t<\/div>\n\t\t<\/div>\n\t\t\t\t\t<\/div>\n\t\t<\/section>\n\t\t\t\t<section class=\"elementor-section elementor-top-section elementor-element elementor-element-obeigsm elementor-section-boxed elementor-section-height-default elementor-section-height-default\" data-id=\"obeigsm\" data-element_type=\"section\" data-settings=\"{&quot;background_background&quot;:&quot;classic&quot;}\">\n\t\t\t\t\t\t<div class=\"elementor-container elementor-column-gap-default\">\n\t\t\t\t\t<div class=\"elementor-column elementor-col-100 elementor-top-column elementor-element elementor-element-lunbwng\" data-id=\"lunbwng\" data-element_type=\"column\">\n\t\t\t<div class=\"elementor-widget-wrap elementor-element-populated\">\n\t\t\t\t\t\t<div class=\"elementor-element elementor-element-bjnwyri elementor-widget elementor-widget-themo-call-to-action\" data-id=\"bjnwyri\" data-element_type=\"widget\" data-widget_type=\"themo-call-to-action.default\">\n\t\t\t\t<div class=\"elementor-widget-container\">\n\t\t\t\t\t<div class=\"th-cta\">\n\t\t\t\t\t        <div class=\"th-cta-text\">\n\t\t            <span>Deixe a Trax transport\u00e1-lo em sua pr\u00f3xima aventura!<\/span>\n\t\t        <\/div>\n\t\t    \n                        <div class=\"th-cta-btn\">\n\n                                    <a class=\"btn-1 btn th-btn btn-ghost-primary\" href=\"\/pt\/get-a-quote\/\">\n                                                    Reserve hoje!                                            <\/a>\n                \n                            <\/div>\n            \t\t<\/div>\n\t\t\t\t<\/div>\n\t\t\t\t<\/div>\n\t\t\t\t\t<\/div>\n\t\t<\/div>\n\t\t\t\t\t<\/div>\n\t\t<\/section>\n\t\t\t\t<section class=\"elementor-section elementor-top-section elementor-element elementor-element-ntevtde elementor-section-boxed elementor-section-height-default elementor-section-height-default\" data-id=\"ntevtde\" data-element_type=\"section\" data-settings=\"{&quot;background_background&quot;:&quot;classic&quot;}\">\n\t\t\t\t\t\t<div class=\"elementor-container elementor-column-gap-wider\">\n\t\t\t\t\t<div class=\"elementor-column elementor-col-100 elementor-top-column elementor-element elementor-element-nkhavbc\" data-id=\"nkhavbc\" data-element_type=\"column\">\n\t\t\t<div class=\"elementor-widget-wrap elementor-element-populated\">\n\t\t\t\t\t\t<div class=\"elementor-element elementor-element-kedwmjw elementor-widget elementor-widget-themo-testimonial\" data-id=\"kedwmjw\" data-element_type=\"widget\" data-widget_type=\"themo-testimonial.default\">\n\t\t\t\t<div class=\"elementor-widget-container\">\n\t\t\t        \n\t\t<div class=\"elementor-testimonial-wrapper th-testimonial-w th-txt-md elementor-testimonial-text-align-center\">\n\n            \n\t\t\t\t\t\t\t<div class=\"elementor-testimonial-content\">&quot;O Carlos e a sua equipa merecem efectivamente uma classifica\u00e7\u00e3o de 6 estrelas. Contrat\u00e1mos os seus servi\u00e7os para um passeio de autocarro para o nosso grupo de 40 membros de Lisboa a Sintra e Cascais. Tudo funcionou como um rel\u00f3gio, desde a pontualidade, passando pela qualidade do \u00faltimo modelo do ve\u00edculo, o capacidade de condu\u00e7\u00e3o dos motoristas e at\u00e9 servi\u00e7o p\u00f3s-venda com devolu\u00e7\u00e3o de uma mala que esquecemos no autocarro por um dos motoristas nos seus tempos livres recomendo vivamente a Trax Serices a quem pretende alugar um autocarro para um passeio em grupo a partir de Lisboa. Obrigado Carlos!&quot;<\/div>\n\t\t\t\n            \n\t\t\t\n                    <div class=\"elementor-testimonial-meta elementor-testimonial-image-position-aside\">\n\n\t\t\t\t<div class=\"elementor-testimonial-meta-inner\">\n                                            <div class=\"elementor-testimonial-image\">\n                            <img fetchpriority=\"high\" decoding=\"async\" width=\"394\" height=\"394\" src=\"https:\/\/trax.services\/wp-content\/uploads\/2024\/04\/posada-el-delfin-394x394.jpg\" class=\"th-team-member-image\" alt=\"\" \/>                        <\/div>\n                    \n\t\t\t\t\t\t\t\t\t\t<div class=\"elementor-testimonial-details\">\n\t\t\t\t\t\t\t\t\t\t\t\t\t<div class=\"elementor-testimonial-name\">Claudia Mameza<\/div>\n\t\t\t\t\t\t\n\t\t\t\t\t\t\t\t\t\t\t\t\t<div class=\"elementor-testimonial-job\">Austr\u00e1lia<\/div>\n\t\t\t\t\t\t\t\t\t\t\t<\/div>\n\t\t\t\t\t\t\t\t\t<\/div>\n\t\t\t<\/div>\n\t\t\t\t\t<\/div>\n\t\t\t<\/div>\n\t\t\t\t<\/div>\n\t\t\t\t\t<\/div>\n\t\t<\/div>\n\t\t\t\t\t<\/div>\n\t\t<\/section>\n\t\t\t\t<section class=\"elementor-section elementor-top-section elementor-element elementor-element-vojhzfu elementor-section-full_width elementor-hidden-mobile elementor-section-height-default elementor-section-height-default\" data-id=\"vojhzfu\" data-element_type=\"section\" data-settings=\"{&quot;background_background&quot;:&quot;classic&quot;}\">\n\t\t\t\t\t\t<div class=\"elementor-container elementor-column-gap-no\">\n\t\t\t\t\t<div class=\"elementor-column elementor-col-100 elementor-top-column elementor-element elementor-element-swnvfag\" data-id=\"swnvfag\" data-element_type=\"column\">\n\t\t\t<div class=\"elementor-widget-wrap elementor-element-populated\">\n\t\t\t\t\t\t<div class=\"elementor-element elementor-element-kotaxax elementor-widget elementor-widget-themo-google-maps\" data-id=\"kotaxax\" data-element_type=\"widget\" data-widget_type=\"themo-google-maps.default\">\n\t\t\t\t<div class=\"elementor-widget-container\">\n\t\t\t        <div class=\"container th-gmap-wrap\">\n            <div class=\"map-info\">\n                <h3>Servi\u00e7os de transporte Trax<\/h3>\n                \n                <div class='th-gmap-hoursop'><p>Segunda a Sexta: Aberto<br \/>\nS\u00e1bado: Aberto<br \/>\nDomingo: Aberto<\/p>\n<\/div>\n                                <div class=\"th-gmap-links\">\n                                            <a href=\"tel: 351-914-316-519\">Ligue para n\u00f3s<\/a>\n                    \n                                            <a href=\"mailto:carlos@traxtransportes.pt\">Envia-nos um email<\/a>\n                                    <\/div>\n                \n            <\/div>\n        <\/div>\n\n\t\t<div class=\"th-map\" id=\"th-map-1\" data-map-api=\"AIzaSyB2VfUOac6wSdbkEQdvG4W2swZXw9gX_g4\" data-map-latitude=\"38.736946\" data-map-longitude=\"-9.142685\" data-map-zoom=\"12\" data-map-scroll=\"false\" data-map-style=''><\/div>\n\n\t\t\n\t\t\t\t<\/div>\n\t\t\t\t<\/div>\n\t\t\t\t\t<\/div>\n\t\t<\/div>\n\t\t\t\t\t<\/div>\n\t\t<\/section>\n\t\t\t\t<section class=\"elementor-section elementor-top-section elementor-element elementor-element-ofnskct elementor-section-boxed elementor-section-height-default elementor-section-height-default\" data-id=\"ofnskct\" data-element_type=\"section\" data-settings=\"{&quot;background_background&quot;:&quot;classic&quot;}\">\n\t\t\t\t\t\t<div class=\"elementor-container elementor-column-gap-default\">\n\t\t\t\t\t<div class=\"elementor-column elementor-col-100 elementor-top-column elementor-element elementor-element-geyffzv\" data-id=\"geyffzv\" data-element_type=\"column\">\n\t\t\t<div class=\"elementor-widget-wrap elementor-element-populated\">\n\t\t\t\t\t\t<div class=\"elementor-element elementor-element-wwddjxq elementor-widget elementor-widget-themo-call-to-action\" data-id=\"wwddjxq\" data-element_type=\"widget\" data-widget_type=\"themo-call-to-action.default\">\n\t\t\t\t<div class=\"elementor-widget-container\">\n\t\t\t\t\t<div class=\"th-cta\">\n\t\t\t\t\t        <div class=\"th-cta-text\">\n\t\t            <span>Gostou do que est\u00e1 vendo? Reserve sua pr\u00f3xima viagem hoje!<\/span>\n\t\t        <\/div>\n\t\t    \n                        <div class=\"th-cta-btn\">\n\n                                    <a class=\"btn-1 btn th-btn btn-ghost-light\" href=\"\/pt\/get-a-quote\/\">\n                                                    Agende agora                                            <\/a>\n                \n                            <\/div>\n            \t\t<\/div>\n\t\t\t\t<\/div>\n\t\t\t\t<\/div>\n\t\t\t\t\t<\/div>\n\t\t<\/div>\n\t\t\t\t\t<\/div>\n\t\t<\/section>\n\t\t\t\t<\/div>","protected":false},"excerpt":{"rendered":"<p>SERVI\u00c7OS DE TRANSPORTE NA GRANDE LISBOA E AL\u00c9M Para servi\u00e7os de transporte seguros e confi\u00e1veis, voc\u00ea pode confiar. Consulta de reserva SERVI\u00c7OS DE TRANSPORTE NA GRANDE LISBOA E AL\u00c9M Para servi\u00e7os de transporte seguros e confi\u00e1veis, voc\u00ea pode confiar. Consulta de reserva Por que Trax Shuttle Services? \u2026 <a href=\"https:\/\/trax.services\/pt\/\">consulte Mais informa\u00e7\u00e3o<\/a><\/p>","protected":false},"author":1,"featured_media":0,"parent":0,"menu_order":0,"comment_status":"closed","ping_status":"closed","template":"","meta":{"footnotes":""},"class_list":["post-39","page","type-page","status-publish","hentry"],"_links":{"self":[{"href":"https:\/\/trax.services\/pt\/wp-json\/wp\/v2\/pages\/39","targetHints":{"allow":["GET"]}}],"collection":[{"href":"https:\/\/trax.services\/pt\/wp-json\/wp\/v2\/pages"}],"about":[{"href":"https:\/\/trax.services\/pt\/wp-json\/wp\/v2\/types\/page"}],"author":[{"embeddable":true,"href":"https:\/\/trax.services\/pt\/wp-json\/wp\/v2\/users\/1"}],"replies":[{"embeddable":true,"href":"https:\/\/trax.services\/pt\/wp-json\/wp\/v2\/comments?post=39"}],"version-history":[{"count":139,"href":"https:\/\/trax.services\/pt\/wp-json\/wp\/v2\/pages\/39\/revisions"}],"predecessor-version":[{"id":590,"href":"https:\/\/trax.services\/pt\/wp-json\/wp\/v2\/pages\/39\/revisions\/590"}],"wp:attachment":[{"href":"https:\/\/trax.services\/pt\/wp-json\/wp\/v2\/media?parent=39"}],"curies":[{"name":"wp","href":"https:\/\/api.w.org\/{rel}","templated":true}]}}